{"id":64,"date":"2021-03-23T03:05:29","date_gmt":"2021-03-23T03:05:29","guid":{"rendered":"https:\/\/recurcity.com\/?page_id=64"},"modified":"2021-03-23T03:05:29","modified_gmt":"2021-03-23T03:05:29","slug":"secundaria","status":"publish","type":"page","link":"https:\/\/recurcity.com\/index.php\/secundaria\/","title":{"rendered":"SECUNDARIA"},"content":{"rendered":"<p>J\u00f3venes entre los once (11) y los diecis\u00e9is (16) a\u00f1os de edad.<\/p>\n","protected":false},"excerpt":{"rendered":"<p>J\u00f3venes entre los once (11) y los diecis\u00e9is (16) a\u00f1os de edad.<\/p>\n","protected":false},"author":1,"featured_media":0,"parent":0,"menu_order":0,"comment_status":"closed","ping_status":"closed","template":"","meta":[],"yoast_head":"<!-- This site is optimized with the Yoast SEO plugin v19.4 - https:\/\/yoast.com\/wordpress\/plugins\/seo\/ -->\n<title>SECUNDARIA -<\/title>\n<meta name=\"robots\" content=\"index, follow, max-snippet:-1, max-image-preview:large, max-video-preview:-1\" \/>\n<link rel=\"canonical\" href=\"https:\/\/recurcity.com\/index.php\/secundaria\/\" \/>\n<meta property=\"og:locale\" content=\"es_ES\" \/>\n<meta property=\"og:type\" content=\"article\" \/>\n<meta property=\"og:title\" content=\"SECUNDARIA -\" \/>\n<meta property=\"og:description\" content=\"J\u00f3venes entre los once (11) y los diecis\u00e9is (16) a\u00f1os de edad.\" \/>\n<meta property=\"og:url\" content=\"https:\/\/recurcity.com\/index.php\/secundaria\/\" \/>\n<meta name=\"twitter:card\" content=\"summary_large_image\" \/>\n<script type=\"application\/ld+json\" class=\"yoast-schema-graph\">{\"@context\":\"https:\/\/schema.org\",\"@graph\":[{\"@type\":[\"Person\",\"Organization\"],\"@id\":\"https:\/\/recurcity.com\/#\/schema\/person\/1e7137866ab80ccfb25dad8e1b9e9686\",\"name\":\"Recurcity\",\"image\":{\"@type\":\"ImageObject\",\"inLanguage\":\"es\",\"@id\":\"https:\/\/recurcity.com\/#\/schema\/person\/image\/\",\"url\":\"https:\/\/recurcity.com\/wp-content\/uploads\/2021\/03\/cropped-cropped-cropped-LOGO-1.png\",\"contentUrl\":\"https:\/\/recurcity.com\/wp-content\/uploads\/2021\/03\/cropped-cropped-cropped-LOGO-1.png\",\"width\":445,\"height\":167,\"caption\":\"Recurcity\"},\"logo\":{\"@id\":\"https:\/\/recurcity.com\/#\/schema\/person\/image\/\"},\"sameAs\":[\"http:\/\/recurcity.com\"]},{\"@type\":\"WebSite\",\"@id\":\"https:\/\/recurcity.com\/#website\",\"url\":\"https:\/\/recurcity.com\/\",\"name\":\"\",\"description\":\"Recursos did\u00e1cticos e interactivos\",\"publisher\":{\"@id\":\"https:\/\/recurcity.com\/#\/schema\/person\/1e7137866ab80ccfb25dad8e1b9e9686\"},\"potentialAction\":[{\"@type\":\"SearchAction\",\"target\":{\"@type\":\"EntryPoint\",\"urlTemplate\":\"https:\/\/recurcity.com\/?s={search_term_string}\"},\"query-input\":\"required name=search_term_string\"}],\"inLanguage\":\"es\"},{\"@type\":\"WebPage\",\"@id\":\"https:\/\/recurcity.com\/index.php\/secundaria\/\",\"url\":\"https:\/\/recurcity.com\/index.php\/secundaria\/\",\"name\":\"SECUNDARIA -\",\"isPartOf\":{\"@id\":\"https:\/\/recurcity.com\/#website\"},\"datePublished\":\"2021-03-23T03:05:29+00:00\",\"dateModified\":\"2021-03-23T03:05:29+00:00\",\"breadcrumb\":{\"@id\":\"https:\/\/recurcity.com\/index.php\/secundaria\/#breadcrumb\"},\"inLanguage\":\"es\",\"potentialAction\":[{\"@type\":\"ReadAction\",\"target\":[\"https:\/\/recurcity.com\/index.php\/secundaria\/\"]}]},{\"@type\":\"BreadcrumbList\",\"@id\":\"https:\/\/recurcity.com\/index.php\/secundaria\/#breadcrumb\",\"itemListElement\":[{\"@type\":\"ListItem\",\"position\":1,\"name\":\"Portada\",\"item\":\"https:\/\/recurcity.com\/\"},{\"@type\":\"ListItem\",\"position\":2,\"name\":\"SECUNDARIA\"}]}]}<\/script>\n<!-- \/ Yoast SEO plugin. -->","yoast_head_json":{"title":"SECUNDARIA -","robots":{"index":"index","follow":"follow","max-snippet":"max-snippet:-1","max-image-preview":"max-image-preview:large","max-video-preview":"max-video-preview:-1"},"canonical":"https:\/\/recurcity.com\/index.php\/secundaria\/","og_locale":"es_ES","og_type":"article","og_title":"SECUNDARIA -","og_description":"J\u00f3venes entre los once (11) y los diecis\u00e9is (16) a\u00f1os de edad.","og_url":"https:\/\/recurcity.com\/index.php\/secundaria\/","twitter_card":"summary_large_image","schema":{"@context":"https:\/\/schema.org","@graph":[{"@type":["Person","Organization"],"@id":"https:\/\/recurcity.com\/#\/schema\/person\/1e7137866ab80ccfb25dad8e1b9e9686","name":"Recurcity","image":{"@type":"ImageObject","inLanguage":"es","@id":"https:\/\/recurcity.com\/#\/schema\/person\/image\/","url":"https:\/\/recurcity.com\/wp-content\/uploads\/2021\/03\/cropped-cropped-cropped-LOGO-1.png","contentUrl":"https:\/\/recurcity.com\/wp-content\/uploads\/2021\/03\/cropped-cropped-cropped-LOGO-1.png","width":445,"height":167,"caption":"Recurcity"},"logo":{"@id":"https:\/\/recurcity.com\/#\/schema\/person\/image\/"},"sameAs":["http:\/\/recurcity.com"]},{"@type":"WebSite","@id":"https:\/\/recurcity.com\/#website","url":"https:\/\/recurcity.com\/","name":"","description":"Recursos did\u00e1cticos e interactivos","publisher":{"@id":"https:\/\/recurcity.com\/#\/schema\/person\/1e7137866ab80ccfb25dad8e1b9e9686"},"potentialAction":[{"@type":"SearchAction","target":{"@type":"EntryPoint","urlTemplate":"https:\/\/recurcity.com\/?s={search_term_string}"},"query-input":"required name=search_term_string"}],"inLanguage":"es"},{"@type":"WebPage","@id":"https:\/\/recurcity.com\/index.php\/secundaria\/","url":"https:\/\/recurcity.com\/index.php\/secundaria\/","name":"SECUNDARIA -","isPartOf":{"@id":"https:\/\/recurcity.com\/#website"},"datePublished":"2021-03-23T03:05:29+00:00","dateModified":"2021-03-23T03:05:29+00:00","breadcrumb":{"@id":"https:\/\/recurcity.com\/index.php\/secundaria\/#breadcrumb"},"inLanguage":"es","potentialAction":[{"@type":"ReadAction","target":["https:\/\/recurcity.com\/index.php\/secundaria\/"]}]},{"@type":"BreadcrumbList","@id":"https:\/\/recurcity.com\/index.php\/secundaria\/#breadcrumb","itemListElement":[{"@type":"ListItem","position":1,"name":"Portada","item":"https:\/\/recurcity.com\/"},{"@type":"ListItem","position":2,"name":"SECUNDARIA"}]}]}},"_links":{"self":[{"href":"https:\/\/recurcity.com\/index.php\/wp-json\/wp\/v2\/pages\/64"}],"collection":[{"href":"https:\/\/recurcity.com\/index.php\/wp-json\/wp\/v2\/pages"}],"about":[{"href":"https:\/\/recurcity.com\/index.php\/wp-json\/wp\/v2\/types\/page"}],"author":[{"embeddable":true,"href":"https:\/\/recurcity.com\/index.php\/wp-json\/wp\/v2\/users\/1"}],"replies":[{"embeddable":true,"href":"https:\/\/recurcity.com\/index.php\/wp-json\/wp\/v2\/comments?post=64"}],"version-history":[{"count":1,"href":"https:\/\/recurcity.com\/index.php\/wp-json\/wp\/v2\/pages\/64\/revisions"}],"predecessor-version":[{"id":65,"href":"https:\/\/recurcity.com\/index.php\/wp-json\/wp\/v2\/pages\/64\/revisions\/65"}],"wp:attachment":[{"href":"https:\/\/recurcity.com\/index.php\/wp-json\/wp\/v2\/media?parent=64"}],"curies":[{"name":"wp","href":"https:\/\/api.w.org\/{rel}","templated":true}]}}